{"id":594,"date":"2018-06-06T15:26:10","date_gmt":"2018-06-06T13:26:10","guid":{"rendered":"https:\/\/www.romelli.ch\/?page_id=594"},"modified":"2020-07-13T09:17:40","modified_gmt":"2020-07-13T07:17:40","slug":"pediatric-dentistry-geneva","status":"publish","type":"page","link":"https:\/\/www.romelli.ch\/en\/pediatric-dentistry-geneva\/","title":{"rendered":"Pediatric dentistry"},"content":{"rendered":"<p>[et_pb_section fb_built=&#8221;1&#8243; fullwidth=&#8221;on&#8221; _builder_version=&#8221;3.22&#8243;][et_pb_fullwidth_slider _builder_version=&#8221;3.16&#8243; button_text_size__hover_enabled=&#8221;off&#8221; button_one_text_size__hover_enabled=&#8221;off&#8221; button_two_text_size__hover_enabled=&#8221;off&#8221; button_text_color__hover_enabled=&#8221;off&#8221; button_one_text_color__hover_enabled=&#8221;off&#8221; button_two_text_color__hover_enabled=&#8221;off&#8221; button_border_width__hover_enabled=&#8221;off&#8221; button_one_border_width__hover_enabled=&#8221;off&#8221; button_two_border_width__hover_enabled=&#8221;off&#8221; button_border_color__hover_enabled=&#8221;off&#8221; button_one_border_color__hover_enabled=&#8221;off&#8221; button_two_border_color__hover_enabled=&#8221;off&#8221; button_border_radius__hover_enabled=&#8221;off&#8221; button_one_border_radius__hover_enabled=&#8221;off&#8221; button_two_border_radius__hover_enabled=&#8221;off&#8221; button_letter_spacing__hover_enabled=&#8221;off&#8221; button_one_letter_spacing__hover_enabled=&#8221;off&#8221; button_two_letter_spacing__hover_enabled=&#8221;off&#8221; button_bg_color__hover_enabled=&#8221;off&#8221; button_one_bg_color__hover_enabled=&#8221;off&#8221; button_two_bg_color__hover_enabled=&#8221;off&#8221;][et_pb_slide use_bg_overlay=&#8221;off&#8221; use_text_overlay=&#8221;off&#8221; _builder_version=&#8221;3.16&#8243; background_color=&#8221;#ffffff&#8221; background_image=&#8221;https:\/\/www.romelli.ch\/wp-content\/uploads\/2018\/06\/pedodontie.jpg&#8221; button_on_hover=&#8221;on&#8221; button_text_size__hover_enabled=&#8221;off&#8221; button_one_text_size__hover_enabled=&#8221;off&#8221; button_two_text_size__hover_enabled=&#8221;off&#8221; button_text_color__hover_enabled=&#8221;off&#8221; button_one_text_color__hover_enabled=&#8221;off&#8221; button_two_text_color__hover_enabled=&#8221;off&#8221; button_border_width__hover_enabled=&#8221;off&#8221; button_one_border_width__hover_enabled=&#8221;off&#8221; button_two_border_width__hover_enabled=&#8221;off&#8221; button_border_color__hover_enabled=&#8221;off&#8221; button_one_border_color__hover_enabled=&#8221;off&#8221; button_two_border_color__hover_enabled=&#8221;off&#8221; button_border_radius__hover_enabled=&#8221;off&#8221; button_one_border_radius__hover_enabled=&#8221;off&#8221; button_two_border_radius__hover_enabled=&#8221;off&#8221; button_letter_spacing__hover_enabled=&#8221;off&#8221; button_one_letter_spacing__hover_enabled=&#8221;off&#8221; button_two_letter_spacing__hover_enabled=&#8221;off&#8221; button_bg_color__hover_enabled=&#8221;off&#8221; button_one_bg_color__hover_enabled=&#8221;off&#8221; button_two_bg_color__hover_enabled=&#8221;off&#8221;][\/et_pb_slide][\/et_pb_fullwidth_slider][\/et_pb_section][et_pb_section fb_built=&#8221;1&#8243; _builder_version=&#8221;3.22&#8243; custom_padding=&#8221;40px|0px|40px|0px&#8221;][et_pb_row use_custom_gutter=&#8221;on&#8221; gutter_width=&#8221;1&#8243; make_equal=&#8221;on&#8221; _builder_version=&#8221;3.25&#8243; module_alignment=&#8221;center&#8221; custom_padding=&#8221;0|0px|2px|0px&#8221; column_structure=&#8221;1_2,1_2&#8243;][et_pb_column type=&#8221;1_2&#8243; _builder_version=&#8221;3.25&#8243; background_image=&#8221;https:\/\/www.romelli.ch\/wp-content\/uploads\/2018\/06\/pedodontie-1.jpg&#8221; custom_padding=&#8221;50vh||15vh|&#8221; custom_padding__hover=&#8221;|||&#8221;][\/et_pb_column][et_pb_column type=&#8221;1_2&#8243; _builder_version=&#8221;3.25&#8243; custom_padding=&#8221;60px|60px|40px|60px&#8221; custom_padding__hover=&#8221;|||&#8221;][et_pb_text _builder_version=&#8221;3.27.4&#8243;]<\/p>\n<h1>Pediatric dentistry <\/h1>\n<p>Pediatric dentistry is the oral health treatment for children. Their young age, milk teeth and often very small oral cavity require special care that our experienced team can carry out.<br \/>\n[\/et_pb_text][et_pb_text module_class=&#8221;Titre-home&#8221; _builder_version=&#8221;3.27.4&#8243;]<\/p>\n<h1>P\u00e9dodontie Gen\u00e8ve<\/h1>\n<p>[\/et_pb_text][\/et_pb_column][\/et_pb_row][\/et_pb_section][et_pb_section fb_built=&#8221;1&#8243; fullwidth=&#8221;on&#8221; disabled_on=&#8221;||on&#8221; _builder_version=&#8221;3.22&#8243;][et_pb_fullwidth_image src=&#8221;https:\/\/www.romelli.ch\/wp-content\/uploads\/2018\/06\/pedodontie-1.jpg&#8221; _builder_version=&#8221;3.0.106&#8243;][\/et_pb_fullwidth_image][\/et_pb_section]<\/p>\n","protected":false},"excerpt":{"rendered":"<p>Pediatric dentistry Pediatric dentistry is the oral health treatment for children. Their young age, milk teeth and often very small oral cavity require special care that our experienced team can carry out. P\u00e9dodontie Gen\u00e8ve<\/p>\n","protected":false},"author":1,"featured_media":0,"parent":0,"menu_order":0,"comment_status":"closed","ping_status":"closed","template":"","meta":{"_et_pb_use_builder":"on","_et_pb_old_content":"","_et_gb_content_width":"","footnotes":""},"class_list":["post-594","page","type-page","status-publish","hentry"],"yoast_head":"<!-- This site is optimized with the Yoast SEO plugin v27.4 - https:\/\/yoast.com\/product\/yoast-seo-wordpress\/ -->\n<title>Romelli Dentiste | P\u00e9dodontie Gen\u00e8ve<\/title>\n<meta name=\"description\" content=\"La p\u00e9dodontie consiste dans le traitement bucco-dentaire des enfants. Leur jeune \u00e2ge, leur dentition de lait et la cavit\u00e9 orale souvent encore tr\u00e8s petite impliquent des soins particuliers que le cabinet dentaire Romelli \u00e0 Gen\u00e8ve r\u00e9alise gr\u00e2ce \u00e0 une \u00e9quipe exp\u00e9riment\u00e9e.\" \/>\n<meta name=\"robots\" content=\"index, follow, max-snippet:-1, max-image-preview:large, max-video-preview:-1\" \/>\n<link rel=\"canonical\" href=\"https:\/\/www.romelli.ch\/en\/pediatric-dentistry-geneva\/\" \/>\n<meta property=\"og:locale\" content=\"en_US\" \/>\n<meta property=\"og:type\" content=\"article\" \/>\n<meta property=\"og:title\" content=\"Romelli Dentiste | P\u00e9dodontie Gen\u00e8ve\" \/>\n<meta property=\"og:description\" content=\"La p\u00e9dodontie consiste dans le traitement bucco-dentaire des enfants. Leur jeune \u00e2ge, leur dentition de lait et la cavit\u00e9 orale souvent encore tr\u00e8s petite impliquent des soins particuliers que le cabinet dentaire Romelli \u00e0 Gen\u00e8ve r\u00e9alise gr\u00e2ce \u00e0 une \u00e9quipe exp\u00e9riment\u00e9e.\" \/>\n<meta property=\"og:url\" content=\"https:\/\/www.romelli.ch\/en\/pediatric-dentistry-geneva\/\" \/>\n<meta property=\"og:site_name\" content=\"Romelli Dentiste\" \/>\n<meta property=\"article:modified_time\" content=\"2020-07-13T07:17:40+00:00\" \/>\n<meta name=\"twitter:card\" content=\"summary_large_image\" \/>\n<meta name=\"twitter:label1\" content=\"Est. reading time\" \/>\n\t<meta name=\"twitter:data1\" content=\"3 minutes\" \/>\n<script type=\"application\/ld+json\" class=\"yoast-schema-graph\">{\"@context\":\"https:\\\/\\\/schema.org\",\"@graph\":[{\"@type\":\"WebPage\",\"@id\":\"https:\\\/\\\/www.romelli.ch\\\/en\\\/pediatric-dentistry-geneva\\\/\",\"url\":\"https:\\\/\\\/www.romelli.ch\\\/en\\\/pediatric-dentistry-geneva\\\/\",\"name\":\"Romelli Dentiste | P\u00e9dodontie Gen\u00e8ve\",\"isPartOf\":{\"@id\":\"https:\\\/\\\/www.romelli.ch\\\/#website\"},\"datePublished\":\"2018-06-06T13:26:10+00:00\",\"dateModified\":\"2020-07-13T07:17:40+00:00\",\"description\":\"La p\u00e9dodontie consiste dans le traitement bucco-dentaire des enfants. Leur jeune \u00e2ge, leur dentition de lait et la cavit\u00e9 orale souvent encore tr\u00e8s petite impliquent des soins particuliers que le cabinet dentaire Romelli \u00e0 Gen\u00e8ve r\u00e9alise gr\u00e2ce \u00e0 une \u00e9quipe exp\u00e9riment\u00e9e.\",\"breadcrumb\":{\"@id\":\"https:\\\/\\\/www.romelli.ch\\\/en\\\/pediatric-dentistry-geneva\\\/#breadcrumb\"},\"inLanguage\":\"en-US\",\"potentialAction\":[{\"@type\":\"ReadAction\",\"target\":[\"https:\\\/\\\/www.romelli.ch\\\/en\\\/pediatric-dentistry-geneva\\\/\"]}]},{\"@type\":\"BreadcrumbList\",\"@id\":\"https:\\\/\\\/www.romelli.ch\\\/en\\\/pediatric-dentistry-geneva\\\/#breadcrumb\",\"itemListElement\":[{\"@type\":\"ListItem\",\"position\":1,\"name\":\"Home\",\"item\":\"https:\\\/\\\/www.romelli.ch\\\/\"},{\"@type\":\"ListItem\",\"position\":2,\"name\":\"Pediatric dentistry\"}]},{\"@type\":\"WebSite\",\"@id\":\"https:\\\/\\\/www.romelli.ch\\\/#website\",\"url\":\"https:\\\/\\\/www.romelli.ch\\\/\",\"name\":\"Romelli Dentiste\",\"description\":\"Dentiste Gen\u00e8ve proche ONU\",\"publisher\":{\"@id\":\"https:\\\/\\\/www.romelli.ch\\\/#organization\"},\"potentialAction\":[{\"@type\":\"SearchAction\",\"target\":{\"@type\":\"EntryPoint\",\"urlTemplate\":\"https:\\\/\\\/www.romelli.ch\\\/?s={search_term_string}\"},\"query-input\":{\"@type\":\"PropertyValueSpecification\",\"valueRequired\":true,\"valueName\":\"search_term_string\"}}],\"inLanguage\":\"en-US\"},{\"@type\":\"Organization\",\"@id\":\"https:\\\/\\\/www.romelli.ch\\\/#organization\",\"name\":\"Romelli Dentiste\",\"url\":\"https:\\\/\\\/www.romelli.ch\\\/\",\"logo\":{\"@type\":\"ImageObject\",\"inLanguage\":\"en-US\",\"@id\":\"https:\\\/\\\/www.romelli.ch\\\/#\\\/schema\\\/logo\\\/image\\\/\",\"url\":\"https:\\\/\\\/www.romelli.ch\\\/wp-content\\\/uploads\\\/2018\\\/04\\\/Romelli-dentiste-noir.png\",\"contentUrl\":\"https:\\\/\\\/www.romelli.ch\\\/wp-content\\\/uploads\\\/2018\\\/04\\\/Romelli-dentiste-noir.png\",\"width\":1673,\"height\":2381,\"caption\":\"Romelli Dentiste\"},\"image\":{\"@id\":\"https:\\\/\\\/www.romelli.ch\\\/#\\\/schema\\\/logo\\\/image\\\/\"}}]}<\/script>\n<!-- \/ Yoast SEO plugin. -->","yoast_head_json":{"title":"Romelli Dentiste | P\u00e9dodontie Gen\u00e8ve","description":"La p\u00e9dodontie consiste dans le traitement bucco-dentaire des enfants. Leur jeune \u00e2ge, leur dentition de lait et la cavit\u00e9 orale souvent encore tr\u00e8s petite impliquent des soins particuliers que le cabinet dentaire Romelli \u00e0 Gen\u00e8ve r\u00e9alise gr\u00e2ce \u00e0 une \u00e9quipe exp\u00e9riment\u00e9e.","robots":{"index":"index","follow":"follow","max-snippet":"max-snippet:-1","max-image-preview":"max-image-preview:large","max-video-preview":"max-video-preview:-1"},"canonical":"https:\/\/www.romelli.ch\/en\/pediatric-dentistry-geneva\/","og_locale":"en_US","og_type":"article","og_title":"Romelli Dentiste | P\u00e9dodontie Gen\u00e8ve","og_description":"La p\u00e9dodontie consiste dans le traitement bucco-dentaire des enfants. Leur jeune \u00e2ge, leur dentition de lait et la cavit\u00e9 orale souvent encore tr\u00e8s petite impliquent des soins particuliers que le cabinet dentaire Romelli \u00e0 Gen\u00e8ve r\u00e9alise gr\u00e2ce \u00e0 une \u00e9quipe exp\u00e9riment\u00e9e.","og_url":"https:\/\/www.romelli.ch\/en\/pediatric-dentistry-geneva\/","og_site_name":"Romelli Dentiste","article_modified_time":"2020-07-13T07:17:40+00:00","twitter_card":"summary_large_image","twitter_misc":{"Est. reading time":"3 minutes"},"schema":{"@context":"https:\/\/schema.org","@graph":[{"@type":"WebPage","@id":"https:\/\/www.romelli.ch\/en\/pediatric-dentistry-geneva\/","url":"https:\/\/www.romelli.ch\/en\/pediatric-dentistry-geneva\/","name":"Romelli Dentiste | P\u00e9dodontie Gen\u00e8ve","isPartOf":{"@id":"https:\/\/www.romelli.ch\/#website"},"datePublished":"2018-06-06T13:26:10+00:00","dateModified":"2020-07-13T07:17:40+00:00","description":"La p\u00e9dodontie consiste dans le traitement bucco-dentaire des enfants. Leur jeune \u00e2ge, leur dentition de lait et la cavit\u00e9 orale souvent encore tr\u00e8s petite impliquent des soins particuliers que le cabinet dentaire Romelli \u00e0 Gen\u00e8ve r\u00e9alise gr\u00e2ce \u00e0 une \u00e9quipe exp\u00e9riment\u00e9e.","breadcrumb":{"@id":"https:\/\/www.romelli.ch\/en\/pediatric-dentistry-geneva\/#breadcrumb"},"inLanguage":"en-US","potentialAction":[{"@type":"ReadAction","target":["https:\/\/www.romelli.ch\/en\/pediatric-dentistry-geneva\/"]}]},{"@type":"BreadcrumbList","@id":"https:\/\/www.romelli.ch\/en\/pediatric-dentistry-geneva\/#breadcrumb","itemListElement":[{"@type":"ListItem","position":1,"name":"Home","item":"https:\/\/www.romelli.ch\/"},{"@type":"ListItem","position":2,"name":"Pediatric dentistry"}]},{"@type":"WebSite","@id":"https:\/\/www.romelli.ch\/#website","url":"https:\/\/www.romelli.ch\/","name":"Romelli Dentiste","description":"Dentiste Gen\u00e8ve proche ONU","publisher":{"@id":"https:\/\/www.romelli.ch\/#organization"},"potentialAction":[{"@type":"SearchAction","target":{"@type":"EntryPoint","urlTemplate":"https:\/\/www.romelli.ch\/?s={search_term_string}"},"query-input":{"@type":"PropertyValueSpecification","valueRequired":true,"valueName":"search_term_string"}}],"inLanguage":"en-US"},{"@type":"Organization","@id":"https:\/\/www.romelli.ch\/#organization","name":"Romelli Dentiste","url":"https:\/\/www.romelli.ch\/","logo":{"@type":"ImageObject","inLanguage":"en-US","@id":"https:\/\/www.romelli.ch\/#\/schema\/logo\/image\/","url":"https:\/\/www.romelli.ch\/wp-content\/uploads\/2018\/04\/Romelli-dentiste-noir.png","contentUrl":"https:\/\/www.romelli.ch\/wp-content\/uploads\/2018\/04\/Romelli-dentiste-noir.png","width":1673,"height":2381,"caption":"Romelli Dentiste"},"image":{"@id":"https:\/\/www.romelli.ch\/#\/schema\/logo\/image\/"}}]}},"_links":{"self":[{"href":"https:\/\/www.romelli.ch\/en\/wp-json\/wp\/v2\/pages\/594","targetHints":{"allow":["GET"]}}],"collection":[{"href":"https:\/\/www.romelli.ch\/en\/wp-json\/wp\/v2\/pages"}],"about":[{"href":"https:\/\/www.romelli.ch\/en\/wp-json\/wp\/v2\/types\/page"}],"author":[{"embeddable":true,"href":"https:\/\/www.romelli.ch\/en\/wp-json\/wp\/v2\/users\/1"}],"replies":[{"embeddable":true,"href":"https:\/\/www.romelli.ch\/en\/wp-json\/wp\/v2\/comments?post=594"}],"version-history":[{"count":7,"href":"https:\/\/www.romelli.ch\/en\/wp-json\/wp\/v2\/pages\/594\/revisions"}],"predecessor-version":[{"id":932,"href":"https:\/\/www.romelli.ch\/en\/wp-json\/wp\/v2\/pages\/594\/revisions\/932"}],"wp:attachment":[{"href":"https:\/\/www.romelli.ch\/en\/wp-json\/wp\/v2\/media?parent=594"}],"curies":[{"name":"wp","href":"https:\/\/api.w.org\/{rel}","templated":true}]}}