{"id":25,"date":"2018-03-23T15:23:51","date_gmt":"2018-03-23T14:23:51","guid":{"rendered":"https:\/\/www.romelli.ch\/?page_id=25"},"modified":"2020-07-13T09:16:51","modified_gmt":"2020-07-13T07:16:51","slug":"dental-care-under-narcosis-geneva","status":"publish","type":"page","link":"https:\/\/www.romelli.ch\/en\/dental-care-under-narcosis-geneva\/","title":{"rendered":"Care under narcosis or sedation"},"content":{"rendered":"<p>[et_pb_section fb_built=&#8221;1&#8243; fullwidth=&#8221;on&#8221; _builder_version=&#8221;3.22&#8243;][et_pb_fullwidth_slider _builder_version=&#8221;3.16&#8243; button_text_size__hover_enabled=&#8221;off&#8221; button_one_text_size__hover_enabled=&#8221;off&#8221; button_two_text_size__hover_enabled=&#8221;off&#8221; button_text_color__hover_enabled=&#8221;off&#8221; button_one_text_color__hover_enabled=&#8221;off&#8221; button_two_text_color__hover_enabled=&#8221;off&#8221; button_border_width__hover_enabled=&#8221;off&#8221; button_one_border_width__hover_enabled=&#8221;off&#8221; button_two_border_width__hover_enabled=&#8221;off&#8221; button_border_color__hover_enabled=&#8221;off&#8221; button_one_border_color__hover_enabled=&#8221;off&#8221; button_two_border_color__hover_enabled=&#8221;off&#8221; button_border_radius__hover_enabled=&#8221;off&#8221; button_one_border_radius__hover_enabled=&#8221;off&#8221; button_two_border_radius__hover_enabled=&#8221;off&#8221; button_letter_spacing__hover_enabled=&#8221;off&#8221; button_one_letter_spacing__hover_enabled=&#8221;off&#8221; button_two_letter_spacing__hover_enabled=&#8221;off&#8221; button_bg_color__hover_enabled=&#8221;off&#8221; button_one_bg_color__hover_enabled=&#8221;off&#8221; button_two_bg_color__hover_enabled=&#8221;off&#8221;][et_pb_slide use_bg_overlay=&#8221;off&#8221; use_text_overlay=&#8221;off&#8221; _builder_version=&#8221;3.16&#8243; background_color=&#8221;#ffffff&#8221; background_image=&#8221;https:\/\/www.romelli.ch\/wp-content\/uploads\/2018\/04\/Orthodentiste-Geneve.jpg&#8221; button_on_hover=&#8221;on&#8221; button_text_size__hover_enabled=&#8221;off&#8221; button_one_text_size__hover_enabled=&#8221;off&#8221; button_two_text_size__hover_enabled=&#8221;off&#8221; button_text_color__hover_enabled=&#8221;off&#8221; button_one_text_color__hover_enabled=&#8221;off&#8221; button_two_text_color__hover_enabled=&#8221;off&#8221; button_border_width__hover_enabled=&#8221;off&#8221; button_one_border_width__hover_enabled=&#8221;off&#8221; button_two_border_width__hover_enabled=&#8221;off&#8221; button_border_color__hover_enabled=&#8221;off&#8221; button_one_border_color__hover_enabled=&#8221;off&#8221; button_two_border_color__hover_enabled=&#8221;off&#8221; button_border_radius__hover_enabled=&#8221;off&#8221; button_one_border_radius__hover_enabled=&#8221;off&#8221; button_two_border_radius__hover_enabled=&#8221;off&#8221; button_letter_spacing__hover_enabled=&#8221;off&#8221; button_one_letter_spacing__hover_enabled=&#8221;off&#8221; button_two_letter_spacing__hover_enabled=&#8221;off&#8221; button_bg_color__hover_enabled=&#8221;off&#8221; button_one_bg_color__hover_enabled=&#8221;off&#8221; button_two_bg_color__hover_enabled=&#8221;off&#8221;][\/et_pb_slide][\/et_pb_fullwidth_slider][\/et_pb_section][et_pb_section fb_built=&#8221;1&#8243; _builder_version=&#8221;3.22&#8243; custom_padding=&#8221;40px|0px|40px|0px&#8221;][et_pb_row use_custom_gutter=&#8221;on&#8221; gutter_width=&#8221;1&#8243; make_equal=&#8221;on&#8221; _builder_version=&#8221;3.25&#8243; module_alignment=&#8221;center&#8221; custom_padding=&#8221;0|0px|2px|0px&#8221; column_structure=&#8221;1_2,1_2&#8243;][et_pb_column type=&#8221;1_2&#8243; _builder_version=&#8221;3.25&#8243; background_image=&#8221;https:\/\/www.romelli.ch\/wp-content\/uploads\/2018\/04\/Chirugie-et-Orthondontie-Geneve.jpg&#8221; custom_padding=&#8221;50vh||15vh|&#8221; custom_padding__hover=&#8221;|||&#8221;][\/et_pb_column][et_pb_column type=&#8221;1_2&#8243; _builder_version=&#8221;3.25&#8243; custom_padding=&#8221;10vh|60px|40px|60px&#8221; custom_padding__hover=&#8221;|||&#8221;][et_pb_text _builder_version=&#8221;3.27.4&#8243;]<\/p>\n<h1>Care under narcosis or sedation<\/h1>\n<p>Many are afraid of going to the dentist (dentophobia or stomatophobia) following a previous trauma.<br \/>\nThe (IMDA\/Dental practice of Dr Romelli) ensures that every treatment is carried out in the best interest of the patient and without pain. Thus, we can perform care under sedation (nitrous oxide or laughing gas) or under total narcosis.<br \/>\nOur experienced team will do everything to reassure you on this point.<\/p>\n<p>Notre \u00e9quipe exp\u00e9riment\u00e9e mettra tout en \u0153uvre pour vous rassurer \u00e0 ce sujet.<br \/>\n[\/et_pb_text][et_pb_text module_class=&#8221;Titre-home&#8221; _builder_version=&#8221;3.27.4&#8243;]<\/p>\n<h1> Dental care under narcosis Geneva<\/h1>\n<p>[\/et_pb_text][\/et_pb_column][\/et_pb_row][\/et_pb_section][et_pb_section fb_built=&#8221;1&#8243; fullwidth=&#8221;on&#8221; disabled_on=&#8221;||on&#8221; _builder_version=&#8221;3.22&#8243;][et_pb_fullwidth_slider _builder_version=&#8221;3.16&#8243; button_text_size__hover_enabled=&#8221;off&#8221; button_one_text_size__hover_enabled=&#8221;off&#8221; button_two_text_size__hover_enabled=&#8221;off&#8221; button_text_color__hover_enabled=&#8221;off&#8221; button_one_text_color__hover_enabled=&#8221;off&#8221; button_two_text_color__hover_enabled=&#8221;off&#8221; button_border_width__hover_enabled=&#8221;off&#8221; button_one_border_width__hover_enabled=&#8221;off&#8221; button_two_border_width__hover_enabled=&#8221;off&#8221; button_border_color__hover_enabled=&#8221;off&#8221; button_one_border_color__hover_enabled=&#8221;off&#8221; button_two_border_color__hover_enabled=&#8221;off&#8221; button_border_radius__hover_enabled=&#8221;off&#8221; button_one_border_radius__hover_enabled=&#8221;off&#8221; button_two_border_radius__hover_enabled=&#8221;off&#8221; button_letter_spacing__hover_enabled=&#8221;off&#8221; button_one_letter_spacing__hover_enabled=&#8221;off&#8221; button_two_letter_spacing__hover_enabled=&#8221;off&#8221; button_bg_color__hover_enabled=&#8221;off&#8221; button_one_bg_color__hover_enabled=&#8221;off&#8221; button_two_bg_color__hover_enabled=&#8221;off&#8221;][et_pb_slide use_bg_overlay=&#8221;off&#8221; use_text_overlay=&#8221;off&#8221; _builder_version=&#8221;3.16&#8243; background_color=&#8221;#ffffff&#8221; background_image=&#8221;https:\/\/www.romelli.ch\/wp-content\/uploads\/2018\/04\/Chirugie-et-Orthondontie-Geneve.jpg&#8221; button_on_hover=&#8221;on&#8221; button_text_size__hover_enabled=&#8221;off&#8221; button_one_text_size__hover_enabled=&#8221;off&#8221; button_two_text_size__hover_enabled=&#8221;off&#8221; button_text_color__hover_enabled=&#8221;off&#8221; button_one_text_color__hover_enabled=&#8221;off&#8221; button_two_text_color__hover_enabled=&#8221;off&#8221; button_border_width__hover_enabled=&#8221;off&#8221; button_one_border_width__hover_enabled=&#8221;off&#8221; button_two_border_width__hover_enabled=&#8221;off&#8221; button_border_color__hover_enabled=&#8221;off&#8221; button_one_border_color__hover_enabled=&#8221;off&#8221; button_two_border_color__hover_enabled=&#8221;off&#8221; button_border_radius__hover_enabled=&#8221;off&#8221; button_one_border_radius__hover_enabled=&#8221;off&#8221; button_two_border_radius__hover_enabled=&#8221;off&#8221; button_letter_spacing__hover_enabled=&#8221;off&#8221; button_one_letter_spacing__hover_enabled=&#8221;off&#8221; button_two_letter_spacing__hover_enabled=&#8221;off&#8221; button_bg_color__hover_enabled=&#8221;off&#8221; button_one_bg_color__hover_enabled=&#8221;off&#8221; button_two_bg_color__hover_enabled=&#8221;off&#8221;][\/et_pb_slide][\/et_pb_fullwidth_slider][\/et_pb_section]<\/p>\n","protected":false},"excerpt":{"rendered":"<p>Care under narcosis or sedation Many are afraid of going to the dentist (dentophobia or stomatophobia) following a previous trauma. The (IMDA\/Dental practice of Dr Romelli) ensures that every treatment is carried out in the best interest of the patient and without pain. Thus, we can perform care under sedation (nitrous oxide or laughing gas) [&hellip;]<\/p>\n","protected":false},"author":1,"featured_media":0,"parent":0,"menu_order":0,"comment_status":"closed","ping_status":"closed","template":"","meta":{"_et_pb_use_builder":"on","_et_pb_old_content":"","_et_gb_content_width":"","footnotes":""},"class_list":["post-25","page","type-page","status-publish","hentry"],"yoast_head":"<!-- This site is optimized with the Yoast SEO plugin v26.1.1 - https:\/\/yoast.com\/wordpress\/plugins\/seo\/ -->\n<title>Romelli Dentiste | Dental care under narcosis Geneva<\/title>\n<meta name=\"description\" content=\"The Romelli dental office in Geneva ensures that every surgical procedure, from dental implants, pre-implant bone grafts, dental esthetic care, is carried out under the best conditions for the patient and without pain thanks to the care under narcosis.\" \/>\n<meta name=\"robots\" content=\"index, follow, max-snippet:-1, max-image-preview:large, max-video-preview:-1\" \/>\n<link rel=\"canonical\" href=\"https:\/\/www.romelli.ch\/en\/dental-care-under-narcosis-geneva\/\" \/>\n<meta property=\"og:locale\" content=\"en_US\" \/>\n<meta property=\"og:type\" content=\"article\" \/>\n<meta property=\"og:title\" content=\"Romelli Dentiste | Dental care under narcosis Geneva\" \/>\n<meta property=\"og:description\" content=\"The Romelli dental office in Geneva ensures that every surgical procedure, from dental implants, pre-implant bone grafts, dental esthetic care, is carried out under the best conditions for the patient and without pain thanks to the care under narcosis.\" \/>\n<meta property=\"og:url\" content=\"https:\/\/www.romelli.ch\/en\/dental-care-under-narcosis-geneva\/\" \/>\n<meta property=\"og:site_name\" content=\"Romelli Dentiste\" \/>\n<meta property=\"article:modified_time\" content=\"2020-07-13T07:16:51+00:00\" \/>\n<meta name=\"twitter:card\" content=\"summary_large_image\" \/>\n<meta name=\"twitter:label1\" content=\"Est. reading time\" \/>\n\t<meta name=\"twitter:data1\" content=\"4 minutes\" \/>\n<script type=\"application\/ld+json\" class=\"yoast-schema-graph\">{\"@context\":\"https:\/\/schema.org\",\"@graph\":[{\"@type\":\"WebPage\",\"@id\":\"https:\/\/www.romelli.ch\/en\/dental-care-under-narcosis-geneva\/\",\"url\":\"https:\/\/www.romelli.ch\/en\/dental-care-under-narcosis-geneva\/\",\"name\":\"Romelli Dentiste | Dental care under narcosis Geneva\",\"isPartOf\":{\"@id\":\"https:\/\/www.romelli.ch\/#website\"},\"datePublished\":\"2018-03-23T14:23:51+00:00\",\"dateModified\":\"2020-07-13T07:16:51+00:00\",\"description\":\"The Romelli dental office in Geneva ensures that every surgical procedure, from dental implants, pre-implant bone grafts, dental esthetic care, is carried out under the best conditions for the patient and without pain thanks to the care under narcosis.\",\"breadcrumb\":{\"@id\":\"https:\/\/www.romelli.ch\/en\/dental-care-under-narcosis-geneva\/#breadcrumb\"},\"inLanguage\":\"en-US\",\"potentialAction\":[{\"@type\":\"ReadAction\",\"target\":[\"https:\/\/www.romelli.ch\/en\/dental-care-under-narcosis-geneva\/\"]}]},{\"@type\":\"BreadcrumbList\",\"@id\":\"https:\/\/www.romelli.ch\/en\/dental-care-under-narcosis-geneva\/#breadcrumb\",\"itemListElement\":[{\"@type\":\"ListItem\",\"position\":1,\"name\":\"Home\",\"item\":\"https:\/\/www.romelli.ch\/\"},{\"@type\":\"ListItem\",\"position\":2,\"name\":\"Care under narcosis or sedation\"}]},{\"@type\":\"WebSite\",\"@id\":\"https:\/\/www.romelli.ch\/#website\",\"url\":\"https:\/\/www.romelli.ch\/\",\"name\":\"Romelli Dentiste\",\"description\":\"Dentiste Gen\u00e8ve proche ONU\",\"publisher\":{\"@id\":\"https:\/\/www.romelli.ch\/#organization\"},\"potentialAction\":[{\"@type\":\"SearchAction\",\"target\":{\"@type\":\"EntryPoint\",\"urlTemplate\":\"https:\/\/www.romelli.ch\/?s={search_term_string}\"},\"query-input\":{\"@type\":\"PropertyValueSpecification\",\"valueRequired\":true,\"valueName\":\"search_term_string\"}}],\"inLanguage\":\"en-US\"},{\"@type\":\"Organization\",\"@id\":\"https:\/\/www.romelli.ch\/#organization\",\"name\":\"Romelli Dentiste\",\"url\":\"https:\/\/www.romelli.ch\/\",\"logo\":{\"@type\":\"ImageObject\",\"inLanguage\":\"en-US\",\"@id\":\"https:\/\/www.romelli.ch\/#\/schema\/logo\/image\/\",\"url\":\"https:\/\/www.romelli.ch\/wp-content\/uploads\/2018\/04\/Romelli-dentiste-noir.png\",\"contentUrl\":\"https:\/\/www.romelli.ch\/wp-content\/uploads\/2018\/04\/Romelli-dentiste-noir.png\",\"width\":1673,\"height\":2381,\"caption\":\"Romelli Dentiste\"},\"image\":{\"@id\":\"https:\/\/www.romelli.ch\/#\/schema\/logo\/image\/\"}}]}<\/script>\n<!-- \/ Yoast SEO plugin. -->","yoast_head_json":{"title":"Romelli Dentiste | Dental care under narcosis Geneva","description":"The Romelli dental office in Geneva ensures that every surgical procedure, from dental implants, pre-implant bone grafts, dental esthetic care, is carried out under the best conditions for the patient and without pain thanks to the care under narcosis.","robots":{"index":"index","follow":"follow","max-snippet":"max-snippet:-1","max-image-preview":"max-image-preview:large","max-video-preview":"max-video-preview:-1"},"canonical":"https:\/\/www.romelli.ch\/en\/dental-care-under-narcosis-geneva\/","og_locale":"en_US","og_type":"article","og_title":"Romelli Dentiste | Dental care under narcosis Geneva","og_description":"The Romelli dental office in Geneva ensures that every surgical procedure, from dental implants, pre-implant bone grafts, dental esthetic care, is carried out under the best conditions for the patient and without pain thanks to the care under narcosis.","og_url":"https:\/\/www.romelli.ch\/en\/dental-care-under-narcosis-geneva\/","og_site_name":"Romelli Dentiste","article_modified_time":"2020-07-13T07:16:51+00:00","twitter_card":"summary_large_image","twitter_misc":{"Est. reading time":"4 minutes"},"schema":{"@context":"https:\/\/schema.org","@graph":[{"@type":"WebPage","@id":"https:\/\/www.romelli.ch\/en\/dental-care-under-narcosis-geneva\/","url":"https:\/\/www.romelli.ch\/en\/dental-care-under-narcosis-geneva\/","name":"Romelli Dentiste | Dental care under narcosis Geneva","isPartOf":{"@id":"https:\/\/www.romelli.ch\/#website"},"datePublished":"2018-03-23T14:23:51+00:00","dateModified":"2020-07-13T07:16:51+00:00","description":"The Romelli dental office in Geneva ensures that every surgical procedure, from dental implants, pre-implant bone grafts, dental esthetic care, is carried out under the best conditions for the patient and without pain thanks to the care under narcosis.","breadcrumb":{"@id":"https:\/\/www.romelli.ch\/en\/dental-care-under-narcosis-geneva\/#breadcrumb"},"inLanguage":"en-US","potentialAction":[{"@type":"ReadAction","target":["https:\/\/www.romelli.ch\/en\/dental-care-under-narcosis-geneva\/"]}]},{"@type":"BreadcrumbList","@id":"https:\/\/www.romelli.ch\/en\/dental-care-under-narcosis-geneva\/#breadcrumb","itemListElement":[{"@type":"ListItem","position":1,"name":"Home","item":"https:\/\/www.romelli.ch\/"},{"@type":"ListItem","position":2,"name":"Care under narcosis or sedation"}]},{"@type":"WebSite","@id":"https:\/\/www.romelli.ch\/#website","url":"https:\/\/www.romelli.ch\/","name":"Romelli Dentiste","description":"Dentiste Gen\u00e8ve proche ONU","publisher":{"@id":"https:\/\/www.romelli.ch\/#organization"},"potentialAction":[{"@type":"SearchAction","target":{"@type":"EntryPoint","urlTemplate":"https:\/\/www.romelli.ch\/?s={search_term_string}"},"query-input":{"@type":"PropertyValueSpecification","valueRequired":true,"valueName":"search_term_string"}}],"inLanguage":"en-US"},{"@type":"Organization","@id":"https:\/\/www.romelli.ch\/#organization","name":"Romelli Dentiste","url":"https:\/\/www.romelli.ch\/","logo":{"@type":"ImageObject","inLanguage":"en-US","@id":"https:\/\/www.romelli.ch\/#\/schema\/logo\/image\/","url":"https:\/\/www.romelli.ch\/wp-content\/uploads\/2018\/04\/Romelli-dentiste-noir.png","contentUrl":"https:\/\/www.romelli.ch\/wp-content\/uploads\/2018\/04\/Romelli-dentiste-noir.png","width":1673,"height":2381,"caption":"Romelli Dentiste"},"image":{"@id":"https:\/\/www.romelli.ch\/#\/schema\/logo\/image\/"}}]}},"_links":{"self":[{"href":"https:\/\/www.romelli.ch\/en\/wp-json\/wp\/v2\/pages\/25","targetHints":{"allow":["GET"]}}],"collection":[{"href":"https:\/\/www.romelli.ch\/en\/wp-json\/wp\/v2\/pages"}],"about":[{"href":"https:\/\/www.romelli.ch\/en\/wp-json\/wp\/v2\/types\/page"}],"author":[{"embeddable":true,"href":"https:\/\/www.romelli.ch\/en\/wp-json\/wp\/v2\/users\/1"}],"replies":[{"embeddable":true,"href":"https:\/\/www.romelli.ch\/en\/wp-json\/wp\/v2\/comments?post=25"}],"version-history":[{"count":15,"href":"https:\/\/www.romelli.ch\/en\/wp-json\/wp\/v2\/pages\/25\/revisions"}],"predecessor-version":[{"id":931,"href":"https:\/\/www.romelli.ch\/en\/wp-json\/wp\/v2\/pages\/25\/revisions\/931"}],"wp:attachment":[{"href":"https:\/\/www.romelli.ch\/en\/wp-json\/wp\/v2\/media?parent=25"}],"curies":[{"name":"wp","href":"https:\/\/api.w.org\/{rel}","templated":true}]}}