{"id":1074,"date":"2023-10-15T12:27:19","date_gmt":"2023-10-15T10:27:19","guid":{"rendered":"https:\/\/www.romelli.ch\/?page_id=1074"},"modified":"2023-10-15T12:27:23","modified_gmt":"2023-10-15T10:27:23","slug":"cad-cam-geneva","status":"publish","type":"page","link":"https:\/\/www.romelli.ch\/en\/cad-cam-geneva\/","title":{"rendered":"CAD-CAM"},"content":{"rendered":"<p>[et_pb_section fb_built=&#8221;1&#8243; fullwidth=&#8221;on&#8221; _builder_version=&#8221;4.16&#8243; global_colors_info=&#8221;{}&#8221;][et_pb_fullwidth_slider _builder_version=&#8221;4.18.0&#8243; global_colors_info=&#8221;{}&#8221; button_text_size__hover_enabled=&#8221;off&#8221; button_one_text_size__hover_enabled=&#8221;off&#8221; button_two_text_size__hover_enabled=&#8221;off&#8221; button_text_color__hover_enabled=&#8221;off&#8221; button_one_text_color__hover_enabled=&#8221;off&#8221; button_two_text_color__hover_enabled=&#8221;off&#8221; button_border_width__hover_enabled=&#8221;off&#8221; button_one_border_width__hover_enabled=&#8221;off&#8221; button_two_border_width__hover_enabled=&#8221;off&#8221; button_border_color__hover_enabled=&#8221;off&#8221; button_one_border_color__hover_enabled=&#8221;off&#8221; button_two_border_color__hover_enabled=&#8221;off&#8221; button_border_radius__hover_enabled=&#8221;off&#8221; button_one_border_radius__hover_enabled=&#8221;off&#8221; button_two_border_radius__hover_enabled=&#8221;off&#8221; button_letter_spacing__hover_enabled=&#8221;off&#8221; button_one_letter_spacing__hover_enabled=&#8221;off&#8221; button_two_letter_spacing__hover_enabled=&#8221;off&#8221; button_bg_color__hover_enabled=&#8221;off&#8221; button_one_bg_color__hover_enabled=&#8221;off&#8221; button_two_bg_color__hover_enabled=&#8221;off&#8221;][et_pb_slide use_bg_overlay=&#8221;off&#8221; use_text_overlay=&#8221;off&#8221; _builder_version=&#8221;4.18.0&#8243; background_color=&#8221;#ffffff&#8221; background_image=&#8221;https:\/\/www.romelli.ch\/wp-content\/uploads\/2022\/09\/cerec-min-scaled.jpeg&#8221; background_enable_image=&#8221;on&#8221; button_on_hover=&#8221;on&#8221; hover_enabled=&#8221;0&#8243; global_colors_info=&#8221;{}&#8221; button_text_size__hover_enabled=&#8221;off&#8221; button_one_text_size__hover_enabled=&#8221;off&#8221; button_two_text_size__hover_enabled=&#8221;off&#8221; button_text_color__hover_enabled=&#8221;off&#8221; button_one_text_color__hover_enabled=&#8221;off&#8221; button_two_text_color__hover_enabled=&#8221;off&#8221; button_border_width__hover_enabled=&#8221;off&#8221; button_one_border_width__hover_enabled=&#8221;off&#8221; button_two_border_width__hover_enabled=&#8221;off&#8221; button_border_color__hover_enabled=&#8221;off&#8221; button_one_border_color__hover_enabled=&#8221;off&#8221; button_two_border_color__hover_enabled=&#8221;off&#8221; button_border_radius__hover_enabled=&#8221;off&#8221; button_one_border_radius__hover_enabled=&#8221;off&#8221; button_two_border_radius__hover_enabled=&#8221;off&#8221; button_letter_spacing__hover_enabled=&#8221;off&#8221; button_one_letter_spacing__hover_enabled=&#8221;off&#8221; button_two_letter_spacing__hover_enabled=&#8221;off&#8221; button_bg_color__hover_enabled=&#8221;off&#8221; button_one_bg_color__hover_enabled=&#8221;off&#8221; button_two_bg_color__hover_enabled=&#8221;off&#8221; sticky_transition=&#8221;on&#8221; sticky_enabled=&#8221;0&#8243;][\/et_pb_slide][\/et_pb_fullwidth_slider][\/et_pb_section][et_pb_section fb_built=&#8221;1&#8243; _builder_version=&#8221;4.16&#8243; custom_padding=&#8221;40px|0px|40px|0px&#8221; global_colors_info=&#8221;{}&#8221;][et_pb_row column_structure=&#8221;1_2,1_2&#8243; use_custom_gutter=&#8221;on&#8221; gutter_width=&#8221;1&#8243; make_equal=&#8221;on&#8221; _builder_version=&#8221;4.18.0&#8243; module_alignment=&#8221;center&#8221; custom_padding=&#8221;0|0px|2px|0px&#8221; global_colors_info=&#8221;{}&#8221;][et_pb_column type=&#8221;1_2&#8243; _builder_version=&#8221;4.18.0&#8243; background_image=&#8221;https:\/\/www.romelli.ch\/wp-content\/uploads\/2022\/09\/1551536336818.jpeg&#8221; custom_padding=&#8221;50vh||15vh|&#8221; global_colors_info=&#8221;{}&#8221; custom_padding__hover=&#8221;|||&#8221;][\/et_pb_column][et_pb_column type=&#8221;1_2&#8243; _builder_version=&#8221;4.16&#8243; custom_padding=&#8221;10vh|60px|40px|60px&#8221; custom_padding_tablet=&#8221;10vh|60px|40px|60px&#8221; custom_padding_phone=&#8221;10vh|60px|40px|60px&#8221; custom_padding_last_edited=&#8221;on|desktop&#8221; global_colors_info=&#8221;{}&#8221; custom_padding__hover=&#8221;|||&#8221;][et_pb_text _builder_version=&#8221;4.22.2&#8243; hover_enabled=&#8221;0&#8243; global_colors_info=&#8221;{}&#8221; sticky_enabled=&#8221;0&#8243;]<\/p>\n<h1>CAD-CAM<\/h1>\n<p>CAD\/CAM is a field of dentistry and orthodontics used to improve design and production of dental restorations. Appliances are in particular for dental crowns, bridges, veneers, inlays and onlays, implant-supported crowns and orthodontics.<br \/>\nCAD\/CAM completes previous technologies to increase the speed of design and its creation. The comfort and simplicity of the processes are also improved, making restorations and other appliances possible that would otherwise have been unachievable. The use of an intra-oral camera eliminates the traditional impression paste which for many patients is an obstacle due to nausea reflexes.<br \/>\nOther objectives include the possibility of performing procedures in one session. This often means only one anesthesia and no temporary restorations are required. This reduces the strain on the dental organ and costs, especially since there are no intermediaries, while maintaining the same quality.[\/et_pb_text][et_pb_text module_class=&#8221;Titre-home&#8221; _builder_version=&#8221;4.22.2&#8243; hover_enabled=&#8221;0&#8243; global_colors_info=&#8221;{}&#8221; sticky_enabled=&#8221;0&#8243;]<\/p>\n<h1>CAD-CAM Geneva<\/h1>\n<p>[\/et_pb_text][\/et_pb_column][\/et_pb_row][\/et_pb_section][et_pb_section fb_built=&#8221;1&#8243; fullwidth=&#8221;on&#8221; disabled_on=&#8221;||on&#8221; _builder_version=&#8221;4.16&#8243; global_colors_info=&#8221;{}&#8221;][et_pb_fullwidth_slider _builder_version=&#8221;4.16&#8243; global_colors_info=&#8221;{}&#8221; button_text_size__hover_enabled=&#8221;off&#8221; button_one_text_size__hover_enabled=&#8221;off&#8221; button_two_text_size__hover_enabled=&#8221;off&#8221; button_text_color__hover_enabled=&#8221;off&#8221; button_one_text_color__hover_enabled=&#8221;off&#8221; button_two_text_color__hover_enabled=&#8221;off&#8221; button_border_width__hover_enabled=&#8221;off&#8221; button_one_border_width__hover_enabled=&#8221;off&#8221; button_two_border_width__hover_enabled=&#8221;off&#8221; button_border_color__hover_enabled=&#8221;off&#8221; button_one_border_color__hover_enabled=&#8221;off&#8221; button_two_border_color__hover_enabled=&#8221;off&#8221; button_border_radius__hover_enabled=&#8221;off&#8221; button_one_border_radius__hover_enabled=&#8221;off&#8221; button_two_border_radius__hover_enabled=&#8221;off&#8221; button_letter_spacing__hover_enabled=&#8221;off&#8221; button_one_letter_spacing__hover_enabled=&#8221;off&#8221; button_two_letter_spacing__hover_enabled=&#8221;off&#8221; button_bg_color__hover_enabled=&#8221;off&#8221; button_one_bg_color__hover_enabled=&#8221;off&#8221; button_two_bg_color__hover_enabled=&#8221;off&#8221;][et_pb_slide use_bg_overlay=&#8221;off&#8221; use_text_overlay=&#8221;off&#8221; _builder_version=&#8221;4.16&#8243; background_color=&#8221;#ffffff&#8221; background_image=&#8221;https:\/\/www.romelli.ch\/wp-content\/uploads\/2018\/04\/Orthodontie-Adulte-Geneve.jpg&#8221; button_on_hover=&#8221;on&#8221; global_colors_info=&#8221;{}&#8221; button_text_size__hover_enabled=&#8221;off&#8221; button_one_text_size__hover_enabled=&#8221;off&#8221; button_two_text_size__hover_enabled=&#8221;off&#8221; button_text_color__hover_enabled=&#8221;off&#8221; button_one_text_color__hover_enabled=&#8221;off&#8221; button_two_text_color__hover_enabled=&#8221;off&#8221; button_border_width__hover_enabled=&#8221;off&#8221; button_one_border_width__hover_enabled=&#8221;off&#8221; button_two_border_width__hover_enabled=&#8221;off&#8221; button_border_color__hover_enabled=&#8221;off&#8221; button_one_border_color__hover_enabled=&#8221;off&#8221; button_two_border_color__hover_enabled=&#8221;off&#8221; button_border_radius__hover_enabled=&#8221;off&#8221; button_one_border_radius__hover_enabled=&#8221;off&#8221; button_two_border_radius__hover_enabled=&#8221;off&#8221; button_letter_spacing__hover_enabled=&#8221;off&#8221; button_one_letter_spacing__hover_enabled=&#8221;off&#8221; button_two_letter_spacing__hover_enabled=&#8221;off&#8221; button_bg_color__hover_enabled=&#8221;off&#8221; button_one_bg_color__hover_enabled=&#8221;off&#8221; button_two_bg_color__hover_enabled=&#8221;off&#8221; sticky_transition=&#8221;on&#8221;][\/et_pb_slide][\/et_pb_fullwidth_slider][\/et_pb_section]<\/p>\n","protected":false},"excerpt":{"rendered":"<p>CAD-CAM CAD\/CAM is a field of dentistry and orthodontics used to improve design and production of dental restorations. Appliances are in particular for dental crowns, bridges, veneers, inlays and onlays, implant-supported crowns and orthodontics. CAD\/CAM completes previous technologies to increase the speed of design and its creation. The comfort and simplicity of the processes are [&hellip;]<\/p>\n","protected":false},"author":4,"featured_media":0,"parent":0,"menu_order":0,"comment_status":"closed","ping_status":"closed","template":"","meta":{"_et_pb_use_builder":"on","_et_pb_old_content":"","_et_gb_content_width":"","footnotes":""},"class_list":["post-1074","page","type-page","status-publish","hentry"],"yoast_head":"<!-- This site is optimized with the Yoast SEO plugin v27.4 - https:\/\/yoast.com\/product\/yoast-seo-wordpress\/ -->\n<title>Romelli Dentiste | CAD-CAM &amp; CFAO \u00e0 Gen\u00e8ve<\/title>\n<meta name=\"description\" content=\"Le cabinet dentaire Romelli \u00e0 Gen\u00e8ve utilise CAD\/CAM qui utilise la CFAO afin d&#039;am\u00e9liorer la conception et la r\u00e9alisation des restaurations dentaires. En particulier des couronnes, ponts, facettes, inlays et onlays, couronnes sur implants et appareils orthodontiques.\" \/>\n<meta name=\"robots\" content=\"index, follow, max-snippet:-1, max-image-preview:large, max-video-preview:-1\" \/>\n<link rel=\"canonical\" href=\"https:\/\/www.romelli.ch\/en\/cad-cam-geneva\/\" \/>\n<meta property=\"og:locale\" content=\"en_US\" \/>\n<meta property=\"og:type\" content=\"article\" \/>\n<meta property=\"og:title\" content=\"Romelli Dentiste | CAD-CAM &amp; CFAO \u00e0 Gen\u00e8ve\" \/>\n<meta property=\"og:description\" content=\"Le cabinet dentaire Romelli \u00e0 Gen\u00e8ve utilise CAD\/CAM qui utilise la CFAO afin d&#039;am\u00e9liorer la conception et la r\u00e9alisation des restaurations dentaires. En particulier des couronnes, ponts, facettes, inlays et onlays, couronnes sur implants et appareils orthodontiques.\" \/>\n<meta property=\"og:url\" content=\"https:\/\/www.romelli.ch\/en\/cad-cam-geneva\/\" \/>\n<meta property=\"og:site_name\" content=\"Romelli Dentiste\" \/>\n<meta property=\"article:modified_time\" content=\"2023-10-15T10:27:23+00:00\" \/>\n<meta name=\"twitter:card\" content=\"summary_large_image\" \/>\n<meta name=\"twitter:label1\" content=\"Est. reading time\" \/>\n\t<meta name=\"twitter:data1\" content=\"2 minutes\" \/>\n<script type=\"application\/ld+json\" class=\"yoast-schema-graph\">{\"@context\":\"https:\\\/\\\/schema.org\",\"@graph\":[{\"@type\":\"WebPage\",\"@id\":\"https:\\\/\\\/www.romelli.ch\\\/en\\\/cad-cam-geneva\\\/\",\"url\":\"https:\\\/\\\/www.romelli.ch\\\/en\\\/cad-cam-geneva\\\/\",\"name\":\"Romelli Dentiste | CAD-CAM & CFAO \u00e0 Gen\u00e8ve\",\"isPartOf\":{\"@id\":\"https:\\\/\\\/www.romelli.ch\\\/#website\"},\"datePublished\":\"2023-10-15T10:27:19+00:00\",\"dateModified\":\"2023-10-15T10:27:23+00:00\",\"description\":\"Le cabinet dentaire Romelli \u00e0 Gen\u00e8ve utilise CAD\\\/CAM qui utilise la CFAO afin d'am\u00e9liorer la conception et la r\u00e9alisation des restaurations dentaires. En particulier des couronnes, ponts, facettes, inlays et onlays, couronnes sur implants et appareils orthodontiques.\",\"breadcrumb\":{\"@id\":\"https:\\\/\\\/www.romelli.ch\\\/en\\\/cad-cam-geneva\\\/#breadcrumb\"},\"inLanguage\":\"en-US\",\"potentialAction\":[{\"@type\":\"ReadAction\",\"target\":[\"https:\\\/\\\/www.romelli.ch\\\/en\\\/cad-cam-geneva\\\/\"]}]},{\"@type\":\"BreadcrumbList\",\"@id\":\"https:\\\/\\\/www.romelli.ch\\\/en\\\/cad-cam-geneva\\\/#breadcrumb\",\"itemListElement\":[{\"@type\":\"ListItem\",\"position\":1,\"name\":\"Home\",\"item\":\"https:\\\/\\\/www.romelli.ch\\\/\"},{\"@type\":\"ListItem\",\"position\":2,\"name\":\"CAD-CAM\"}]},{\"@type\":\"WebSite\",\"@id\":\"https:\\\/\\\/www.romelli.ch\\\/#website\",\"url\":\"https:\\\/\\\/www.romelli.ch\\\/\",\"name\":\"Romelli Dentiste\",\"description\":\"Dentiste Gen\u00e8ve proche ONU\",\"publisher\":{\"@id\":\"https:\\\/\\\/www.romelli.ch\\\/#organization\"},\"potentialAction\":[{\"@type\":\"SearchAction\",\"target\":{\"@type\":\"EntryPoint\",\"urlTemplate\":\"https:\\\/\\\/www.romelli.ch\\\/?s={search_term_string}\"},\"query-input\":{\"@type\":\"PropertyValueSpecification\",\"valueRequired\":true,\"valueName\":\"search_term_string\"}}],\"inLanguage\":\"en-US\"},{\"@type\":\"Organization\",\"@id\":\"https:\\\/\\\/www.romelli.ch\\\/#organization\",\"name\":\"Romelli Dentiste\",\"url\":\"https:\\\/\\\/www.romelli.ch\\\/\",\"logo\":{\"@type\":\"ImageObject\",\"inLanguage\":\"en-US\",\"@id\":\"https:\\\/\\\/www.romelli.ch\\\/#\\\/schema\\\/logo\\\/image\\\/\",\"url\":\"https:\\\/\\\/www.romelli.ch\\\/wp-content\\\/uploads\\\/2018\\\/04\\\/Romelli-dentiste-noir.png\",\"contentUrl\":\"https:\\\/\\\/www.romelli.ch\\\/wp-content\\\/uploads\\\/2018\\\/04\\\/Romelli-dentiste-noir.png\",\"width\":1673,\"height\":2381,\"caption\":\"Romelli Dentiste\"},\"image\":{\"@id\":\"https:\\\/\\\/www.romelli.ch\\\/#\\\/schema\\\/logo\\\/image\\\/\"}}]}<\/script>\n<!-- \/ Yoast SEO plugin. -->","yoast_head_json":{"title":"Romelli Dentiste | CAD-CAM & CFAO \u00e0 Gen\u00e8ve","description":"Le cabinet dentaire Romelli \u00e0 Gen\u00e8ve utilise CAD\/CAM qui utilise la CFAO afin d'am\u00e9liorer la conception et la r\u00e9alisation des restaurations dentaires. En particulier des couronnes, ponts, facettes, inlays et onlays, couronnes sur implants et appareils orthodontiques.","robots":{"index":"index","follow":"follow","max-snippet":"max-snippet:-1","max-image-preview":"max-image-preview:large","max-video-preview":"max-video-preview:-1"},"canonical":"https:\/\/www.romelli.ch\/en\/cad-cam-geneva\/","og_locale":"en_US","og_type":"article","og_title":"Romelli Dentiste | CAD-CAM & CFAO \u00e0 Gen\u00e8ve","og_description":"Le cabinet dentaire Romelli \u00e0 Gen\u00e8ve utilise CAD\/CAM qui utilise la CFAO afin d'am\u00e9liorer la conception et la r\u00e9alisation des restaurations dentaires. En particulier des couronnes, ponts, facettes, inlays et onlays, couronnes sur implants et appareils orthodontiques.","og_url":"https:\/\/www.romelli.ch\/en\/cad-cam-geneva\/","og_site_name":"Romelli Dentiste","article_modified_time":"2023-10-15T10:27:23+00:00","twitter_card":"summary_large_image","twitter_misc":{"Est. reading time":"2 minutes"},"schema":{"@context":"https:\/\/schema.org","@graph":[{"@type":"WebPage","@id":"https:\/\/www.romelli.ch\/en\/cad-cam-geneva\/","url":"https:\/\/www.romelli.ch\/en\/cad-cam-geneva\/","name":"Romelli Dentiste | CAD-CAM & CFAO \u00e0 Gen\u00e8ve","isPartOf":{"@id":"https:\/\/www.romelli.ch\/#website"},"datePublished":"2023-10-15T10:27:19+00:00","dateModified":"2023-10-15T10:27:23+00:00","description":"Le cabinet dentaire Romelli \u00e0 Gen\u00e8ve utilise CAD\/CAM qui utilise la CFAO afin d'am\u00e9liorer la conception et la r\u00e9alisation des restaurations dentaires. En particulier des couronnes, ponts, facettes, inlays et onlays, couronnes sur implants et appareils orthodontiques.","breadcrumb":{"@id":"https:\/\/www.romelli.ch\/en\/cad-cam-geneva\/#breadcrumb"},"inLanguage":"en-US","potentialAction":[{"@type":"ReadAction","target":["https:\/\/www.romelli.ch\/en\/cad-cam-geneva\/"]}]},{"@type":"BreadcrumbList","@id":"https:\/\/www.romelli.ch\/en\/cad-cam-geneva\/#breadcrumb","itemListElement":[{"@type":"ListItem","position":1,"name":"Home","item":"https:\/\/www.romelli.ch\/"},{"@type":"ListItem","position":2,"name":"CAD-CAM"}]},{"@type":"WebSite","@id":"https:\/\/www.romelli.ch\/#website","url":"https:\/\/www.romelli.ch\/","name":"Romelli Dentiste","description":"Dentiste Gen\u00e8ve proche ONU","publisher":{"@id":"https:\/\/www.romelli.ch\/#organization"},"potentialAction":[{"@type":"SearchAction","target":{"@type":"EntryPoint","urlTemplate":"https:\/\/www.romelli.ch\/?s={search_term_string}"},"query-input":{"@type":"PropertyValueSpecification","valueRequired":true,"valueName":"search_term_string"}}],"inLanguage":"en-US"},{"@type":"Organization","@id":"https:\/\/www.romelli.ch\/#organization","name":"Romelli Dentiste","url":"https:\/\/www.romelli.ch\/","logo":{"@type":"ImageObject","inLanguage":"en-US","@id":"https:\/\/www.romelli.ch\/#\/schema\/logo\/image\/","url":"https:\/\/www.romelli.ch\/wp-content\/uploads\/2018\/04\/Romelli-dentiste-noir.png","contentUrl":"https:\/\/www.romelli.ch\/wp-content\/uploads\/2018\/04\/Romelli-dentiste-noir.png","width":1673,"height":2381,"caption":"Romelli Dentiste"},"image":{"@id":"https:\/\/www.romelli.ch\/#\/schema\/logo\/image\/"}}]}},"_links":{"self":[{"href":"https:\/\/www.romelli.ch\/en\/wp-json\/wp\/v2\/pages\/1074","targetHints":{"allow":["GET"]}}],"collection":[{"href":"https:\/\/www.romelli.ch\/en\/wp-json\/wp\/v2\/pages"}],"about":[{"href":"https:\/\/www.romelli.ch\/en\/wp-json\/wp\/v2\/types\/page"}],"author":[{"embeddable":true,"href":"https:\/\/www.romelli.ch\/en\/wp-json\/wp\/v2\/users\/4"}],"replies":[{"embeddable":true,"href":"https:\/\/www.romelli.ch\/en\/wp-json\/wp\/v2\/comments?post=1074"}],"version-history":[{"count":5,"href":"https:\/\/www.romelli.ch\/en\/wp-json\/wp\/v2\/pages\/1074\/revisions"}],"predecessor-version":[{"id":1222,"href":"https:\/\/www.romelli.ch\/en\/wp-json\/wp\/v2\/pages\/1074\/revisions\/1222"}],"wp:attachment":[{"href":"https:\/\/www.romelli.ch\/en\/wp-json\/wp\/v2\/media?parent=1074"}],"curies":[{"name":"wp","href":"https:\/\/api.w.org\/{rel}","templated":true}]}}